{"id":218,"date":"2017-02-06T15:03:24","date_gmt":"2017-02-06T15:03:24","guid":{"rendered":"https:\/\/www.robotxperience.com\/?page_id=218"},"modified":"2019-05-14T09:01:12","modified_gmt":"2019-05-14T09:01:12","slug":"team","status":"publish","type":"page","link":"https:\/\/www.robotxperience.com\/en\/about\/team\/","title":{"rendered":"Team"},"content":{"rendered":"<p>[et_pb_section bb_built=&#8221;1&#8243; admin_label=&#8221;section&#8221; _builder_version=&#8221;3.0.74&#8243; background_image=&#8221;https:\/\/www.robotxperience.com\/wp-content\/uploads\/2017\/02\/Zilver-grijs-achtergrond.jpg&#8221; transparent_background=&#8221;off&#8221; inner_width=&#8221;auto&#8221; inner_max_width=&#8221;none&#8221;][et_pb_row admin_label=&#8221;row&#8221; _builder_version=&#8221;3.0.47&#8243; background_size=&#8221;initial&#8221; background_position=&#8221;top_left&#8221; background_repeat=&#8221;repeat&#8221; width=&#8221;80%&#8221; max_width=&#8221;1080px&#8221;][et_pb_column type=&#8221;1_3&#8243;][et_pb_image admin_label=&#8221;Image RobotXperience, Sander Morshuis&#8221; src=&#8221;https:\/\/www.robotxperience.com\/wp-content\/uploads\/2017\/08\/RobotXperience-Sander-Morshuis.jpg&#8221; alt=&#8221;RobotXperience, Sander Morshuis&#8221; title_text=&#8221;RobotXperience, Sander Morshuis&#8221; show_in_lightbox=&#8221;on&#8221; _builder_version=&#8221;3.0.87&#8243; animation=&#8221;off&#8221; sticky=&#8221;off&#8221; border_style=&#8221;solid&#8221; \/][et_pb_text admin_label=&#8221;Text Sander Morshuis, manager robot rentals &#8221; _builder_version=&#8221;3.0.87&#8243; text_text_color=&#8221;#272159&#8243; background_color=&#8221;#f2f2f2&#8243; background_size=&#8221;initial&#8221; background_position=&#8221;top_left&#8221; background_repeat=&#8221;repeat&#8221; custom_padding=&#8221;5px|10px|5px|10px&#8221; use_border_color=&#8221;off&#8221; border_color=&#8221;#ffffff&#8221; border_style=&#8221;solid&#8221;]<\/p>\n<p style=\"text-align: center;\">Sander Morshuis, manager robot rentals\u00a0<\/p>\n<p>[\/et_pb_text][\/et_pb_column][et_pb_column type=&#8221;1_3&#8243;][et_pb_image admin_label=&#8221;Image RobotXperience, Saskia van der Meer&#8221; src=&#8221;https:\/\/www.robotxperience.com\/wp-content\/uploads\/2017\/02\/RobotXperience-Saskia-van-der-Meer.jpg&#8221; alt=&#8221;RobotXperience, Saskia van der Meer&#8221; title_text=&#8221;RobotXperience, Saskia van der Meer&#8221; show_in_lightbox=&#8221;on&#8221; _builder_version=&#8221;3.0.87&#8243; animation=&#8221;off&#8221; sticky=&#8221;off&#8221; use_border_color=&#8221;off&#8221; border_color=&#8221;#ffffff&#8221; border_style=&#8221;solid&#8221; \/][et_pb_text admin_label=&#8221;Text Saskia van der Meer, robots in care &#8221; _builder_version=&#8221;3.0.87&#8243; text_text_color=&#8221;#272159&#8243; background_color=&#8221;#f2f2f2&#8243; background_size=&#8221;initial&#8221; background_position=&#8221;top_left&#8221; background_repeat=&#8221;repeat&#8221; custom_padding=&#8221;5px|10px|5px|10px&#8221; use_border_color=&#8221;off&#8221; border_color=&#8221;#ffffff&#8221; border_style=&#8221;solid&#8221;]<\/p>\n<p style=\"text-align: center;\">Saskia van der Meer, robots in care\u00a0<\/p>\n<p>[\/et_pb_text][\/et_pb_column][et_pb_column type=&#8221;1_3&#8243;][et_pb_image admin_label=&#8221;Image RobotXperience, Helma Lensen&#8221; src=&#8221;https:\/\/www.robotxperience.com\/wp-content\/uploads\/2019\/05\/Helma-Lenssen-en-robot-Maatje-Robotxperience.jpg&#8221; alt=&#8221;RobotXperience, Helma Lensen&#8221; title_text=&#8221;RobotXperience, Helma Lensen&#8221; show_in_lightbox=&#8221;on&#8221; _builder_version=&#8221;3.22.7&#8243; animation=&#8221;off&#8221; sticky=&#8221;off&#8221; border_style=&#8221;solid&#8221; z_index_tablet=&#8221;500&#8243; \/][et_pb_text admin_label=&#8221;Helma Lensen-Aertssen, event manager&#8221; _builder_version=&#8221;3.0.87&#8243; text_text_color=&#8221;#272159&#8243; background_color=&#8221;#f2f2f2&#8243; background_size=&#8221;initial&#8221; background_position=&#8221;top_left&#8221; background_repeat=&#8221;repeat&#8221; custom_padding=&#8221;5px|10px|5px|10px&#8221; border_style=&#8221;solid&#8221;]<\/p>\n<p style=\"text-align: center;\">Helma Lensen, event manager<\/p>\n<p>[\/et_pb_text][\/et_pb_column][\/et_pb_row][et_pb_row admin_label=&#8221;row&#8221; _builder_version=&#8221;3.0.47&#8243; background_size=&#8221;initial&#8221; background_position=&#8221;top_left&#8221; background_repeat=&#8221;repeat&#8221; width=&#8221;80%&#8221; max_width=&#8221;1080px&#8221;][et_pb_column type=&#8221;1_3&#8243;][et_pb_image admin_label=&#8221;Image RobotXperience, Randall van Poelvoorde&#8221; src=&#8221;https:\/\/www.robotxperience.com\/wp-content\/uploads\/2017\/02\/RobotXperience-Randall-van-Poelvoorde.jpg&#8221; alt=&#8221;RobotXperience, Randall van Poelvoorde&#8221; title_text=&#8221;RobotXperience, Randall van Poelvoorde&#8221; show_in_lightbox=&#8221;on&#8221; _builder_version=&#8221;3.0.87&#8243; animation=&#8221;off&#8221; sticky=&#8221;off&#8221; use_border_color=&#8221;off&#8221; border_color=&#8221;#ffffff&#8221; border_style=&#8221;solid&#8221; \/][et_pb_text admin_label=&#8221;Text Randall van Poelvoorde, director \/ owner &#8221; _builder_version=&#8221;3.21&#8243; text_text_color=&#8221;#272159&#8243; background_color=&#8221;#f2f2f2&#8243; background_size=&#8221;initial&#8221; background_position=&#8221;top_left&#8221; background_repeat=&#8221;repeat&#8221; custom_padding=&#8221;5px|10px|5px|10px&#8221; use_border_color=&#8221;off&#8221;]<\/p>\n<p style=\"text-align: center;\">Randall van Poelvoorde, <a href=\"http:\/\/www.randallvanpoelvoorde.nl\" target=\"_blank\" rel=\"noopener noreferrer\" title=\"Spreker technologie\">speaker technology<\/a> \/ founder<\/p>\n<p>[\/et_pb_text][\/et_pb_column][et_pb_column type=&#8221;1_3&#8243;][et_pb_image admin_label=&#8221;Image RobotXperience, Tom Ederveen&#8221; src=&#8221;https:\/\/www.robotxperience.com\/wp-content\/uploads\/2017\/02\/RobotXperience-Tom-Ederveen.jpg&#8221; alt=&#8221;RobotXperience, Tom Ederveen&#8221; title_text=&#8221;RobotXperience, Tom Ederveen&#8221; show_in_lightbox=&#8221;on&#8221; _builder_version=&#8221;3.0.87&#8243; animation=&#8221;off&#8221; sticky=&#8221;off&#8221; use_border_color=&#8221;off&#8221; border_color=&#8221;#ffffff&#8221; border_style=&#8221;solid&#8221; \/][et_pb_text admin_label=&#8221;Text Tom Ederveen, director \/ owner &#8221; _builder_version=&#8221;3.0.106&#8243; text_text_color=&#8221;#272159&#8243; background_color=&#8221;#f2f2f2&#8243; background_size=&#8221;initial&#8221; background_position=&#8221;top_left&#8221; background_repeat=&#8221;repeat&#8221; custom_padding=&#8221;5px|10px|5px|10px&#8221; use_border_color=&#8221;off&#8221;]<\/p>\n<p style=\"text-align: center;\">Tom Ederveen, speaker robots in care \/ founder<\/p>\n<p>[\/et_pb_text][\/et_pb_column][et_pb_column type=&#8221;1_3&#8243;][et_pb_image admin_label=&#8221;Image RobotXperience, Anita van den Hoek&#8221; src=&#8221;https:\/\/www.robotxperience.com\/wp-content\/uploads\/2017\/02\/RobotXperience-Anita-van-den-Hoek.jpg&#8221; alt=&#8221;RobotXperience, Anita van den Hoek&#8221; title_text=&#8221;RobotXperience, Anita van den Hoek&#8221; show_in_lightbox=&#8221;on&#8221; _builder_version=&#8221;3.0.87&#8243; animation=&#8221;off&#8221; sticky=&#8221;off&#8221; use_border_color=&#8221;off&#8221; border_color=&#8221;#ffffff&#8221; border_style=&#8221;solid&#8221; \/][et_pb_text admin_label=&#8221;Text Anita van den Hoek, robots in care &#8221; _builder_version=&#8221;3.0.106&#8243; text_text_color=&#8221;#272159&#8243; background_color=&#8221;#f2f2f2&#8243; background_size=&#8221;initial&#8221; background_position=&#8221;top_left&#8221; background_repeat=&#8221;repeat&#8221; custom_padding=&#8221;5px|10px|5px|10px&#8221; use_border_color=&#8221;off&#8221;]<\/p>\n<p style=\"text-align: center;\">Anita van den Hoek, robots and ethics\u00a0<\/p>\n<p>[\/et_pb_text][\/et_pb_column][\/et_pb_row][et_pb_row _builder_version=&#8221;3.0.47&#8243; background_size=&#8221;initial&#8221; background_position=&#8221;top_left&#8221; background_repeat=&#8221;repeat&#8221; width=&#8221;80%&#8221; max_width=&#8221;1080px&#8221;][et_pb_column type=&#8221;1_3&#8243;][et_pb_image admin_label=&#8221;Image RobotXperience, Elbert van Putten&#8221; src=&#8221;https:\/\/www.robotxperience.com\/wp-content\/uploads\/2017\/02\/RobotXperience-Elbert-van-Putten.jpg&#8221; alt=&#8221;RobotXperience, Elbert van Putten&#8221; title_text=&#8221;RobotXperience, Elbert van Putten&#8221; show_in_lightbox=&#8221;on&#8221; _builder_version=&#8221;3.0.87&#8243; animation=&#8221;off&#8221; sticky=&#8221;off&#8221; use_border_color=&#8221;off&#8221; border_color=&#8221;#ffffff&#8221; border_style=&#8221;solid&#8221; \/][et_pb_text admin_label=&#8221;Text Sander Morshuis, manager robot rentals &#8221; _builder_version=&#8221;3.0.87&#8243; text_text_color=&#8221;#272159&#8243; background_color=&#8221;#f2f2f2&#8243; background_size=&#8221;initial&#8221; background_position=&#8221;top_left&#8221; background_repeat=&#8221;repeat&#8221; custom_padding=&#8221;5px|10px|5px|10px&#8221; use_border_color=&#8221;off&#8221; border_color=&#8221;#ffffff&#8221; border_style=&#8221;solid&#8221;]<\/p>\n<p style=\"text-align: center;\">Elbert van Putten, technical manager<\/p>\n<p>[\/et_pb_text][\/et_pb_column][et_pb_column type=&#8221;1_3&#8243;][et_pb_image admin_label=&#8221;RobotXperience-Ruud van der Burg&#8221; src=&#8221;https:\/\/www.robotxperience.com\/wp-content\/uploads\/2017\/02\/RobotXperience-Ruud-van-der-Burg.jpg&#8221; alt=&#8221;RobotXperience-Ruud van der Burg&#8221; title_text=&#8221;RobotXperience-Ruud van der Burg&#8221; _builder_version=&#8221;3.0.87&#8243; animation=&#8221;off&#8221; sticky=&#8221;off&#8221; use_border_color=&#8221;off&#8221; border_color=&#8221;#ffffff&#8221; border_style=&#8221;solid&#8221; \/][et_pb_text admin_label=&#8221;Text Ruud van der Burg, Co-bots and speaker&#8221; _builder_version=&#8221;3.0.87&#8243; text_text_color=&#8221;#272159&#8243; background_color=&#8221;#f2f2f2&#8243; background_size=&#8221;initial&#8221; background_position=&#8221;top_left&#8221; background_repeat=&#8221;repeat&#8221; custom_padding=&#8221;5px|10px|5px|10px&#8221; use_border_color=&#8221;off&#8221; border_color=&#8221;#ffffff&#8221; border_style=&#8221;solid&#8221;]<\/p>\n<p style=\"text-align: center;\">Ruud van der Burg, Co-bots and speaker<\/p>\n<p>[\/et_pb_text][\/et_pb_column][et_pb_column type=&#8221;1_3&#8243;][et_pb_image admin_label=&#8221;Image RobotXperience-Yvonne J\u00e4gers&#8221; src=&#8221;https:\/\/www.robotxperience.com\/wp-content\/uploads\/2017\/08\/RobotXperience-Yvonne-J\u00e4gers.jpg&#8221; alt=&#8221;RobotXperience-Yvonne J\u00e4gers&#8221; title_text=&#8221;RobotXperience-Yvonne J\u00e4gers&#8221; _builder_version=&#8221;3.0.87&#8243; animation=&#8221;off&#8221; sticky=&#8221;off&#8221; border_style=&#8221;solid&#8221; \/][et_pb_text admin_label=&#8221;Text Yvonne J\u00e4gers, eventmanager&#8221; _builder_version=&#8221;3.0.87&#8243; text_text_color=&#8221;#272159&#8243; background_color=&#8221;#f2f2f2&#8243; background_size=&#8221;initial&#8221; background_position=&#8221;top_left&#8221; background_repeat=&#8221;repeat&#8221; custom_padding=&#8221;5px|10px|5px|10px&#8221; use_border_color=&#8221;off&#8221; border_color=&#8221;#ffffff&#8221; border_style=&#8221;solid&#8221;]<\/p>\n<p style=\"text-align: center;\">Yvonne J\u00e4gers, eventmanager<\/p>\n<p>[\/et_pb_text][\/et_pb_column][\/et_pb_row][\/et_pb_section]<\/p>\n","protected":false},"excerpt":{"rendered":"<p>Sander Morshuis, manager robot rentals\u00a0 Saskia van der Meer, robots in care\u00a0 Helma Lensen, event manager Randall van Poelvoorde, speaker technology \/ founder Tom Ederveen, speaker robots in care \/ founder Anita van den Hoek, robots and ethics\u00a0 Elbert van Putten, technical manager Ruud van der Burg, Co-bots and speaker Yvonne J\u00e4gers, eventmanager<\/p>\n","protected":false},"author":1,"featured_media":0,"parent":2,"menu_order":0,"comment_status":"closed","ping_status":"closed","template":"","meta":{"_et_pb_use_builder":"on","_et_pb_old_content":"","_et_gb_content_width":"","footnotes":""},"class_list":["post-218","page","type-page","status-publish","hentry"],"yoast_head":"<!-- This site is optimized with the Yoast SEO plugin v27.5 - https:\/\/yoast.com\/product\/yoast-seo-wordpress\/ -->\n<title>Team robotprofessionals | Robotxperience, experience robots<\/title>\n<meta name=\"description\" content=\"Meet our inspiring team of robotprofessionals. Co-bots, care robots, exponential technologies and eventmanager will kindly service you.\" \/>\n<meta name=\"robots\" content=\"index, follow, max-snippet:-1, max-image-preview:large, max-video-preview:-1\" \/>\n<link rel=\"canonical\" href=\"https:\/\/www.robotxperience.com\/en\/about\/team\/\" \/>\n<meta property=\"og:locale\" content=\"en_US\" \/>\n<meta property=\"og:type\" content=\"article\" \/>\n<meta property=\"og:title\" content=\"Team robotprofessionals | Robotxperience, experience robots\" \/>\n<meta property=\"og:description\" content=\"Meet our inspiring team of robotprofessionals. Co-bots, care robots, exponential technologies and eventmanager will kindly service you.\" \/>\n<meta property=\"og:url\" content=\"https:\/\/www.robotxperience.com\/en\/about\/team\/\" \/>\n<meta property=\"og:site_name\" content=\"RobotXperience, experience robots\" \/>\n<meta property=\"article:publisher\" content=\"https:\/\/www.facebook.com\/Robots.NU\/\" \/>\n<meta property=\"article:modified_time\" content=\"2019-05-14T09:01:12+00:00\" \/>\n<meta name=\"twitter:card\" content=\"summary_large_image\" \/>\n<meta name=\"twitter:site\" content=\"@RobotXperience\" \/>\n<meta name=\"twitter:label1\" content=\"Est. reading time\" \/>\n\t<meta name=\"twitter:data1\" content=\"5 minutes\" \/>\n<script type=\"application\/ld+json\" class=\"yoast-schema-graph\">{\"@context\":\"https:\\\/\\\/schema.org\",\"@graph\":[{\"@type\":\"WebPage\",\"@id\":\"https:\\\/\\\/www.robotxperience.com\\\/en\\\/about\\\/team\\\/\",\"url\":\"https:\\\/\\\/www.robotxperience.com\\\/en\\\/about\\\/team\\\/\",\"name\":\"Team robotprofessionals | Robotxperience, experience robots\",\"isPartOf\":{\"@id\":\"https:\\\/\\\/www.robotxperience.com\\\/#website\"},\"datePublished\":\"2017-02-06T15:03:24+00:00\",\"dateModified\":\"2019-05-14T09:01:12+00:00\",\"description\":\"Meet our inspiring team of robotprofessionals. Co-bots, care robots, exponential technologies and eventmanager will kindly service you.\",\"breadcrumb\":{\"@id\":\"https:\\\/\\\/www.robotxperience.com\\\/en\\\/about\\\/team\\\/#breadcrumb\"},\"inLanguage\":\"en-US\",\"potentialAction\":[{\"@type\":\"ReadAction\",\"target\":[\"https:\\\/\\\/www.robotxperience.com\\\/en\\\/about\\\/team\\\/\"]}]},{\"@type\":\"BreadcrumbList\",\"@id\":\"https:\\\/\\\/www.robotxperience.com\\\/en\\\/about\\\/team\\\/#breadcrumb\",\"itemListElement\":[{\"@type\":\"ListItem\",\"position\":1,\"name\":\"Home\",\"item\":\"https:\\\/\\\/www.robotxperience.com\\\/en\\\/\"},{\"@type\":\"ListItem\",\"position\":2,\"name\":\"About our organization\",\"item\":\"https:\\\/\\\/www.robotxperience.com\\\/en\\\/about\\\/\"},{\"@type\":\"ListItem\",\"position\":3,\"name\":\"Team\"}]},{\"@type\":\"WebSite\",\"@id\":\"https:\\\/\\\/www.robotxperience.com\\\/#website\",\"url\":\"https:\\\/\\\/www.robotxperience.com\\\/\",\"name\":\"RobotXperience, experience robots\",\"description\":\"Experience robots on an event or pilot\",\"potentialAction\":[{\"@type\":\"SearchAction\",\"target\":{\"@type\":\"EntryPoint\",\"urlTemplate\":\"https:\\\/\\\/www.robotxperience.com\\\/?s={search_term_string}\"},\"query-input\":{\"@type\":\"PropertyValueSpecification\",\"valueRequired\":true,\"valueName\":\"search_term_string\"}}],\"inLanguage\":\"en-US\"}]}<\/script>\n<!-- \/ Yoast SEO plugin. -->","yoast_head_json":{"title":"Team robotprofessionals | Robotxperience, experience robots","description":"Meet our inspiring team of robotprofessionals. Co-bots, care robots, exponential technologies and eventmanager will kindly service you.","robots":{"index":"index","follow":"follow","max-snippet":"max-snippet:-1","max-image-preview":"max-image-preview:large","max-video-preview":"max-video-preview:-1"},"canonical":"https:\/\/www.robotxperience.com\/en\/about\/team\/","og_locale":"en_US","og_type":"article","og_title":"Team robotprofessionals | Robotxperience, experience robots","og_description":"Meet our inspiring team of robotprofessionals. Co-bots, care robots, exponential technologies and eventmanager will kindly service you.","og_url":"https:\/\/www.robotxperience.com\/en\/about\/team\/","og_site_name":"RobotXperience, experience robots","article_publisher":"https:\/\/www.facebook.com\/Robots.NU\/","article_modified_time":"2019-05-14T09:01:12+00:00","twitter_card":"summary_large_image","twitter_site":"@RobotXperience","twitter_misc":{"Est. reading time":"5 minutes"},"schema":{"@context":"https:\/\/schema.org","@graph":[{"@type":"WebPage","@id":"https:\/\/www.robotxperience.com\/en\/about\/team\/","url":"https:\/\/www.robotxperience.com\/en\/about\/team\/","name":"Team robotprofessionals | Robotxperience, experience robots","isPartOf":{"@id":"https:\/\/www.robotxperience.com\/#website"},"datePublished":"2017-02-06T15:03:24+00:00","dateModified":"2019-05-14T09:01:12+00:00","description":"Meet our inspiring team of robotprofessionals. Co-bots, care robots, exponential technologies and eventmanager will kindly service you.","breadcrumb":{"@id":"https:\/\/www.robotxperience.com\/en\/about\/team\/#breadcrumb"},"inLanguage":"en-US","potentialAction":[{"@type":"ReadAction","target":["https:\/\/www.robotxperience.com\/en\/about\/team\/"]}]},{"@type":"BreadcrumbList","@id":"https:\/\/www.robotxperience.com\/en\/about\/team\/#breadcrumb","itemListElement":[{"@type":"ListItem","position":1,"name":"Home","item":"https:\/\/www.robotxperience.com\/en\/"},{"@type":"ListItem","position":2,"name":"About our organization","item":"https:\/\/www.robotxperience.com\/en\/about\/"},{"@type":"ListItem","position":3,"name":"Team"}]},{"@type":"WebSite","@id":"https:\/\/www.robotxperience.com\/#website","url":"https:\/\/www.robotxperience.com\/","name":"RobotXperience, experience robots","description":"Experience robots on an event or pilot","potentialAction":[{"@type":"SearchAction","target":{"@type":"EntryPoint","urlTemplate":"https:\/\/www.robotxperience.com\/?s={search_term_string}"},"query-input":{"@type":"PropertyValueSpecification","valueRequired":true,"valueName":"search_term_string"}}],"inLanguage":"en-US"}]}},"_links":{"self":[{"href":"https:\/\/www.robotxperience.com\/en\/wp-json\/wp\/v2\/pages\/218\/"}],"collection":[{"href":"https:\/\/www.robotxperience.com\/en\/wp-json\/wp\/v2\/pages\/"}],"about":[{"href":"https:\/\/www.robotxperience.com\/en\/wp-json\/wp\/v2\/types\/page\/"}],"author":[{"embeddable":true,"href":"https:\/\/www.robotxperience.com\/en\/wp-json\/wp\/v2\/users\/1\/"}],"replies":[{"embeddable":true,"href":"https:\/\/www.robotxperience.com\/en\/wp-json\/wp\/v2\/comments\/?post=218"}],"version-history":[{"count":21,"href":"https:\/\/www.robotxperience.com\/en\/wp-json\/wp\/v2\/pages\/218\/revisions\/"}],"predecessor-version":[{"id":1494,"href":"https:\/\/www.robotxperience.com\/en\/wp-json\/wp\/v2\/pages\/218\/revisions\/1494\/"}],"up":[{"embeddable":true,"href":"https:\/\/www.robotxperience.com\/en\/wp-json\/wp\/v2\/pages\/2\/"}],"wp:attachment":[{"href":"https:\/\/www.robotxperience.com\/en\/wp-json\/wp\/v2\/media\/?parent=218"}],"curies":[{"name":"wp","href":"https:\/\/api.w.org\/{rel}","templated":true}]}}